{"id":46,"date":"2014-08-20T17:36:39","date_gmt":"2014-08-20T17:36:39","guid":{"rendered":"http:\/\/isetta.cl\/wp\/?page_id=46"},"modified":"2017-06-30T16:06:06","modified_gmt":"2017-06-30T20:06:06","slug":"quienes-somos","status":"publish","type":"page","link":"http:\/\/isetta.cl\/wp\/quienes-somos\/","title":{"rendered":"Quienes somos"},"content":{"rendered":"<div id=\"fb-root\"><\/div>\n<p><iframe loading=\"lazy\" src=\"https:\/\/explee.com\/embed\/video\/vjz2a?autoplay=1\" width=\"480\" height=\"270\" \nframeborder=\"0\" allowfullscreen=\"\" mozallowfullscreen=\"true\" webkitallowfullscreen=\"true\" onmousewheel=\"\"><br \/>\n<\/iframe><\/p>\n<p>El Club de Isettas de Chile (www.isetta.cl) es fundado, el 20 de enero de 1996. El objetivo del Club es preservar estos veh\u00edculos, que por sus caracter\u00edsticas constituyen un importante valor hist\u00f3rico, social y cultural.<\/p>\n<p>Para este objetivo el Club fomenta la recuperaci\u00f3n, restauraci\u00f3n, mantenci\u00f3n y protecci\u00f3n de las Isettas. Promoviendo el inter\u00e9s y valoraci\u00f3n de la comunidad hacia estos veh\u00edculos a trav\u00e9s de eventos culturales, actividades ben\u00e9ficas, medios de comunicaci\u00f3n, asociaci\u00f3n con instituciones y otros clubes de autom\u00f3viles antiguos, que apoyen estas actividades.<\/p>\n<p>El punto de reuni\u00f3n mensual es en la Select de Shell ubicada en la intersecci\u00f3n de las avenidas Bilbao y Tobalaba, en la ciudad de Santiago.<\/p>\n<p><iframe loading=\"lazy\" width=\"474\" height=\"356\" src=\"https:\/\/www.youtube.com\/embed\/rbtw-WQgbn4?feature=oembed\" frameborder=\"0\" allowfullscreen><\/iframe><\/p>\n<p>&nbsp;<\/p>\n ","protected":false},"excerpt":{"rendered":"<p>El Club de Isettas de Chile (www.isetta.cl) es fundado, el 20 de enero de 1996. El objetivo del Club es preservar estos veh\u00edculos, que por sus caracter\u00edsticas constituyen un importante valor hist\u00f3rico, social y cultural. Para este objetivo el Club fomenta la recuperaci\u00f3n, restauraci\u00f3n, mantenci\u00f3n y protecci\u00f3n de las Isettas. Promoviendo el inter\u00e9s y valoraci\u00f3n &hellip; <a href=\"http:\/\/isetta.cl\/wp\/quienes-somos\/\" class=\"more-link\">Seguir leyendo <span class=\"screen-reader-text\">Quienes somos<\/span> <span class=\"meta-nav\">&rarr;<\/span><\/a><\/p>\n","protected":false},"author":1,"featured_media":0,"parent":0,"menu_order":0,"comment_status":"open","ping_status":"open","template":"","meta":[],"_links":{"self":[{"href":"http:\/\/isetta.cl\/wp\/wp-json\/wp\/v2\/pages\/46"}],"collection":[{"href":"http:\/\/isetta.cl\/wp\/wp-json\/wp\/v2\/pages"}],"about":[{"href":"http:\/\/isetta.cl\/wp\/wp-json\/wp\/v2\/types\/page"}],"author":[{"embeddable":true,"href":"http:\/\/isetta.cl\/wp\/wp-json\/wp\/v2\/users\/1"}],"replies":[{"embeddable":true,"href":"http:\/\/isetta.cl\/wp\/wp-json\/wp\/v2\/comments?post=46"}],"version-history":[{"count":12,"href":"http:\/\/isetta.cl\/wp\/wp-json\/wp\/v2\/pages\/46\/revisions"}],"predecessor-version":[{"id":2214,"href":"http:\/\/isetta.cl\/wp\/wp-json\/wp\/v2\/pages\/46\/revisions\/2214"}],"wp:attachment":[{"href":"http:\/\/isetta.cl\/wp\/wp-json\/wp\/v2\/media?parent=46"}],"curies":[{"name":"wp","href":"https:\/\/api.w.org\/{rel}","templated":true}]}}